{"id":39,"date":"2023-01-16T13:14:25","date_gmt":"2023-01-16T13:14:25","guid":{"rendered":"https:\/\/splitstagdo.com\/about-us\/"},"modified":"2026-02-20T12:53:11","modified_gmt":"2026-02-20T12:53:11","slug":"chi-siamo","status":"publish","type":"page","link":"https:\/\/splitstagdo.com\/it\/chi-siamo\/","title":{"rendered":"Chi siamo"},"content":{"rendered":"<p>Dal momento che il nostro&nbsp;<strong>lancio nel 2015<\/strong>Da sempre ci dedichiamo a creare esperienze di addio al celibato indimenticabili per i nostri clienti, aiutandoli a creare ricordi che durino tutta la vita. Spalato \u00e8 una<strong>&nbsp;una citt\u00e0 che ha davvero tutto<\/strong>La citt\u00e0 \u00e8 il luogo ideale per qualsiasi gruppo di addio al celibato in cerca di una combinazione ottimale di avventura, vita notturna e relax. L'abbagliante costa adriatica fa da sfondo a innumerevoli momenti indimenticabili, mentre l'atmosfera vibrante della citt\u00e0, le sue attivit\u00e0 esilaranti e la deliziosa cucina locale fanno s\u00ec che i momenti di svago continuino.<\/p>\n\n\n\n<h2 class=\"wp-block-heading\">Siete pronti a divertirvi con noi?<\/h2>\n\n\n\n<p>Dopo essersi affermati come&nbsp;<strong>agenzia di fiducia per l'addio al celibato<\/strong> a Spalato, vogliamo offrire al maggior numero possibile di persone la possibilit\u00e0 di vivere l'addio al celibato della loro vita in questa straordinaria citt\u00e0.<\/p>\n\n\n\n<p>Il nostro team \u00e8 un&nbsp;<strong>gruppo di persone energiche e amanti del divertimento<\/strong>&nbsp;che sanno come organizzare una festa e creare esperienze memorabili. Siamo appassionati nell'aiutare i nostri clienti a ottenere il massimo dal loro addio al celibato e faremo di tutto per farvi provare cose che non sapevate nemmeno di voler provare.<\/p>\n\n\n\n<p>Abbiamo&nbsp;<strong>vi coprir\u00e0 le spalle in ogni momento della vostra vita<\/strong>La nostra missione \u00e8 quella di gestire tutta la logistica in modo che possiate concentrarvi sul divertimento con i vostri compagni di viaggio. La nostra missione \u00e8 gestire tutta la logistica in modo che possiate concentrarvi sui momenti pi\u00f9 belli della vostra vita con i vostri amici.<\/p>\n\n\n\n<h2 class=\"wp-block-heading\">Diamo inizio alla festa!&nbsp;<\/h2>\n\n\n\n<p>Siete pronti a tuffarvi nell'avventura della vostra vita? \u00c8 arrivato il momento di cambiare le scarpe da lavoro con quelle da festa e di lasciarvi andare nella splendida citt\u00e0 di Spalato. Con la nostra esperienza, creeremo l'esperienza perfetta di addio al celibato su misura per i vostri sogni pi\u00f9 sfrenati.<\/p>\n\n\n\n<p>Non esitate: andate a&nbsp;<a href=\"https:\/\/splitstagdo.com\/it\/\">Addio al celibato a Spalato<\/a>&nbsp;e&nbsp;<a href=\"https:\/\/splitstagdo.com\/it\/inchiesta\/\">informarsi<\/a>&nbsp;sulle attivit\u00e0, gli alloggi e tutto ci\u00f2 che possiamo organizzare per voi. Ricordate che quello che succede a Spalato rimane a Spalato, quindi lasciatevi andare e preparatevi a un weekend indimenticabile!<\/p>","protected":false},"excerpt":{"rendered":"<p>Sin dal nostro lancio nel 2015, ci siamo dedicati a creare esperienze di addio al celibato indimenticabili per i nostri clienti, aiutandoli a creare ricordi che durano tutta la vita. Spalato \u00e8 una citt\u00e0 che ha veramente tutto, il che la rende il luogo ideale per qualsiasi gruppo di addio al celibato che cerca la combinazione definitiva di avventura, vita notturna e relax. L'abbagliante costa adriatica fa da cornice ... <a href=\"https:\/\/splitstagdo.com\/it\/chi-siamo\/\">Continua<\/a><\/p>","protected":false},"author":37,"featured_media":503,"parent":0,"menu_order":0,"comment_status":"open","ping_status":"open","template":"","meta":{"_acf_changed":false,"footnotes":""},"class_list":["post-39","page","type-page","status-publish","has-post-thumbnail","hentry"],"acf":{"page_subheading":"Meet our passionate team, dedicated to creating unforgettable Split stag dos for the ultimate celebration with your mates on the Dalmatian shore."},"_links":{"self":[{"href":"https:\/\/splitstagdo.com\/it\/wp-json\/wp\/v2\/pages\/39","targetHints":{"allow":["GET"]}}],"collection":[{"href":"https:\/\/splitstagdo.com\/it\/wp-json\/wp\/v2\/pages"}],"about":[{"href":"https:\/\/splitstagdo.com\/it\/wp-json\/wp\/v2\/types\/page"}],"author":[{"embeddable":true,"href":"https:\/\/splitstagdo.com\/it\/wp-json\/wp\/v2\/users\/37"}],"replies":[{"embeddable":true,"href":"https:\/\/splitstagdo.com\/it\/wp-json\/wp\/v2\/comments?post=39"}],"version-history":[{"count":14,"href":"https:\/\/splitstagdo.com\/it\/wp-json\/wp\/v2\/pages\/39\/revisions"}],"predecessor-version":[{"id":8238,"href":"https:\/\/splitstagdo.com\/it\/wp-json\/wp\/v2\/pages\/39\/revisions\/8238"}],"wp:featuredmedia":[{"embeddable":true,"href":"https:\/\/splitstagdo.com\/it\/wp-json\/wp\/v2\/media\/503"}],"wp:attachment":[{"href":"https:\/\/splitstagdo.com\/it\/wp-json\/wp\/v2\/media?parent=39"}],"curies":[{"name":"wp","href":"https:\/\/api.w.org\/{rel}","templated":true}]}}