{"id":388,"date":"2023-05-08T08:44:03","date_gmt":"2023-05-08T08:44:03","guid":{"rendered":"https:\/\/splitstagdo.com\/?page_id=388"},"modified":"2023-05-08T12:57:35","modified_gmt":"2023-05-08T12:57:35","slug":"come-arrivare-a-split","status":"publish","type":"page","link":"https:\/\/splitstagdo.com\/it\/come-arrivare-a-split\/","title":{"rendered":"Come raggiungere Split"},"content":{"rendered":"<p>Conosciuta per la sua ricca storia, gli splendidi paesaggi e la vivace vita notturna, Spalato \u00e8 la destinazione ideale per un addio al celibato. Se vi state chiedendo come arrivare a questa&nbsp;<strong>gemma sul mare Adriatico<\/strong>vi abbiamo pensato noi. Ecco alcune delle opzioni di trasporto pi\u00f9 comuni per raggiungere Spalato.<\/p>\n\n\n\n<h2 class=\"wp-block-heading\">In aereo<\/h2>\n\n\n\n<p>L'aereo \u00e8 il modo pi\u00f9 comodo per raggiungere Spalato. La citt\u00e0 \u00e8 servita da&nbsp;<strong>Aeroporto di Spalato (SPU)<\/strong>, situato a circa 25 km a ovest del centro citt\u00e0. Diverse compagnie aeree effettuano voli regolari per Spalato da varie citt\u00e0 europee, tra cui Londra, Amsterdam, Parigi e Roma. Durante i mesi estivi di punta, troverete ancora pi\u00f9 voli diretti e opzioni charter, rendendo pi\u00f9 facile che mai raggiungere questa incredibile destinazione.<\/p>\n\n\n\n<h2 class=\"wp-block-heading\">In autobus<\/h2>\n\n\n\n<p>Se preferite viaggiare in autobus, siete fortunati. Spalato \u00e8 ben collegata con le altre principali citt\u00e0 della Croazia e dei Paesi limitrofi attraverso una rete di autobus.&nbsp;<strong>ampia rete di autobus<\/strong>. La stazione principale degli autobus si trova proprio vicino al porto, ed \u00e8 quindi facile da trovare e da raggiungere. Gli autobus sono un modo economico e comodo per viaggiare e sono disponibili numerosi collegamenti giornalieri con citt\u00e0 come Zagabria, Dubrovnik e Zara.<\/p>\n\n\n\n<h2 class=\"wp-block-heading\">In treno<\/h2>\n\n\n\n<p>Sebbene la rete ferroviaria croata non sia cos\u00ec estesa come quella degli autobus, esistono comunque collegamenti ferroviari con Spalato. La stazione ferroviaria centrale si trova vicino al porto, proprio come la stazione degli autobus. Da Zagabria, il viaggio dura circa 6-8 ore e offre un viaggio panoramico attraverso la campagna. Si tenga presente che&nbsp;<strong>i treni potrebbero non essere l'opzione pi\u00f9 veloce<\/strong>ma offrono un'esperienza di viaggio unica.<\/p>\n\n\n\n<h2 class=\"wp-block-heading\">In auto<\/h2>\n\n\n\n<p>Noleggiare un'auto \u00e8 un altro modo per raggiungere Spalato, che offre la flessibilit\u00e0 di esplorare le aree circostanti al proprio ritmo. La Croazia dispone di una rete di strade ben curate, tra cui&nbsp;<strong>autostrade e strade costiere<\/strong>. Spalato dista circa 410 km da Zagabria e 240 km da Dubrovnik, con bellissimi paesaggi che dividono le citt\u00e0. Ricordate che \u00e8 necessario avere una patente di guida valida e, in alcuni casi, un permesso di guida internazionale.<\/p>\n\n\n\n<h3 class=\"wp-block-heading\">Prenota il tuo addio al celibato a Spalato!<\/h3>\n\n\n\n<p>Siete pronti a pianificare il vostro indimenticabile addio al celibato a Spalato? Visitate&nbsp;<a href=\"https:\/\/splitstagdo.com\/it\/\">Addio al celibato a Spalato<\/a>&nbsp;e compilare il nostro&nbsp;<a href=\"https:\/\/splitstagdo.com\/it\/inchiesta\/\">modulo di richiesta<\/a>&nbsp;per creare un'esperienza su misura che voi e i vostri amici non dimenticherete mai.<\/p>","protected":false},"excerpt":{"rendered":"<p>Conosciuta per la sua ricca storia, gli splendidi paesaggi e la vivace vita notturna, Spalato \u00e8 la destinazione ideale per un addio al celibato. Se vi state chiedendo come raggiungere questo gioiello sul Mare Adriatico, vi abbiamo pensato noi. Ecco alcune delle opzioni di trasporto pi\u00f9 comuni per raggiungere Spalato. In aereo Il volo \u00e8 il modo pi\u00f9 comodo per ... <a href=\"https:\/\/splitstagdo.com\/it\/come-arrivare-a-split\/\">Continua<\/a><\/p>","protected":false},"author":37,"featured_media":509,"parent":0,"menu_order":0,"comment_status":"closed","ping_status":"closed","template":"","meta":{"_acf_changed":false,"footnotes":""},"class_list":["post-388","page","type-page","status-publish","has-post-thumbnail","hentry"],"acf":{"page_subheading":"Explore transportation options to the heart of Dalmatia for a memorable stag do, from flights and buses to trains and cars \u2014 start your journey today!"},"_links":{"self":[{"href":"https:\/\/splitstagdo.com\/it\/wp-json\/wp\/v2\/pages\/388","targetHints":{"allow":["GET"]}}],"collection":[{"href":"https:\/\/splitstagdo.com\/it\/wp-json\/wp\/v2\/pages"}],"about":[{"href":"https:\/\/splitstagdo.com\/it\/wp-json\/wp\/v2\/types\/page"}],"author":[{"embeddable":true,"href":"https:\/\/splitstagdo.com\/it\/wp-json\/wp\/v2\/users\/37"}],"replies":[{"embeddable":true,"href":"https:\/\/splitstagdo.com\/it\/wp-json\/wp\/v2\/comments?post=388"}],"version-history":[{"count":2,"href":"https:\/\/splitstagdo.com\/it\/wp-json\/wp\/v2\/pages\/388\/revisions"}],"predecessor-version":[{"id":399,"href":"https:\/\/splitstagdo.com\/it\/wp-json\/wp\/v2\/pages\/388\/revisions\/399"}],"wp:featuredmedia":[{"embeddable":true,"href":"https:\/\/splitstagdo.com\/it\/wp-json\/wp\/v2\/media\/509"}],"wp:attachment":[{"href":"https:\/\/splitstagdo.com\/it\/wp-json\/wp\/v2\/media?parent=388"}],"curies":[{"name":"wp","href":"https:\/\/api.w.org\/{rel}","templated":true}]}}