{"id":387,"date":"2023-05-08T08:42:25","date_gmt":"2023-05-08T08:42:25","guid":{"rendered":"https:\/\/splitstagdo.com\/?page_id=387"},"modified":"2023-05-08T12:57:23","modified_gmt":"2023-05-08T12:57:23","slug":"circa-la-divisione","status":"publish","type":"page","link":"https:\/\/splitstagdo.com\/it\/circa-la-divisione\/","title":{"rendered":"Informazioni su Split"},"content":{"rendered":"<p>Spalato \u00e8 una citt\u00e0 che ha davvero tutto: bellezze naturali mozzafiato, ricca storia, cibo delizioso e una vivace vita notturna. Situata sulla&nbsp;<strong>Costa dalmata<\/strong>Spalato \u00e8 la seconda citt\u00e0 pi\u00f9 grande della Croazia, ma sicuramente una delle pi\u00f9 affascinanti. \u00c8 ricca di storia e di cultura, con una miscela unica di&nbsp;<strong>Influenze romane, bizantine e veneziane<\/strong>&nbsp;che lo rendono davvero speciale.<\/p>\n\n\n\n<p>Uno dei punti di riferimento pi\u00f9 iconici di Spalato \u00e8 la<strong>&nbsp;Palazzo di Diocleziano<\/strong>, un colossale complesso romano antico che un tempo fungeva da residenza dell'imperatore Diocleziano. Il palazzo \u00e8 oggi il cuore della citt\u00e0 e ospita numerosi caff\u00e8, ristoranti e negozi all'interno delle sue mura storiche. Da non perdere la splendida&nbsp;<strong>Lungomare Riva<\/strong>dove potrete sorseggiare un drink ammirando la splendida vista sul Mare Adriatico.<\/p>\n\n\n\n<p>Inoltre, la citt\u00e0 emana un'atmosfera vivace ed energica a cui \u00e8 difficile resistere. Con le sue strade affollate, i mercati vivaci e un flusso continuo di persone, la citt\u00e0 non dorme mai.<\/p>\n\n\n\n<p>Sia che stiate passeggiando lungo le strette strade acciottolate della&nbsp;<strong>Citt\u00e0 vecchia<\/strong>gustando un caff\u00e8 in una caffetteria locale o ammirando le splendide&nbsp;<strong>Collina di Marjan<\/strong>Sarete conquistati dall'atmosfera elettrica unica di Spalato.<\/p>\n\n\n\n<p>E quando il sole tramonta, la citt\u00e0 si anima con la sua eccitante vita notturna, offrendo una serie infinita di bar, club e locali musicali che soddisfano tutti i gusti.<\/p>\n\n\n\n<h2 class=\"wp-block-heading\">Vita notturna a Spalato<\/h2>\n\n\n\n<p>Possiamo garantire che la vita notturna di Spalato \u00e8&nbsp;<strong>a dir poco leggendario<\/strong>. Che si tratti di bar, club o locali con musica dal vivo, la citt\u00e0 ha qualcosa per tutti i gusti. Una delle aree pi\u00f9 popolari per la vita notturna \u00e8 la zona di&nbsp;<strong>Quartiere Bacvice<\/strong>dove troverete una pletora di bar e club sulla spiaggia che restano aperti fino alle prime ore del mattino.<\/p>\n\n\n\n<p>Per una serata davvero indimenticabile, ci sono&nbsp;<strong>numerosi club<\/strong>&nbsp;con DJ di fama mondiale e con giovani affamati di festa. E le buone vibrazioni sono eterne, senza mai fermarsi per una pausa.<\/p>\n\n\n\n<p>E se qualcuno \u00e8 alla ricerca di qualcosa di pi\u00f9 tranquillo, pu\u00f2 recarsi all'hotel&nbsp;<strong>Area di Radunica<\/strong>, un quartiere affascinante con un'atmosfera rilassata. Qui si trovano bar e ristoranti accoglienti, perfetti per una serata rilassante con gli amici.<\/p>\n\n\n\n<p>Naturalmente, a Spalato c'\u00e8 molto altro da fare oltre alle feste. Il divertimento non si ferma al sorgere del sole, ma cambia forma.<\/p>\n\n\n\n<h2 class=\"wp-block-heading\">Spalato - un paradiso balneare<\/h2>\n\n\n\n<p>Il caldo&nbsp;<strong>Clima mediterraneo<\/strong>&nbsp;\u00e8 perfetta per le attivit\u00e0 in spiaggia come paddleboard, kayak e jet ski. Per chi ama il vino, a Spalato ci sono diverse enoteche e cantine che offrono degustazioni di variet\u00e0 locali.<\/p>\n\n\n\n<p>Gli appassionati di sport apprezzeranno l'opportunit\u00e0 di assistere a una partita di calcio al&nbsp;<strong>Stadio Poljud<\/strong>che ospita la squadra di calcio dell'Hajduk Spalato. Chi non ha la fortuna di assistere a una partita pu\u00f2 sempre fare un tour dello stadio e vedere quanto sia magnifico l'impianto.<\/p>\n\n\n\n<p>In citt\u00e0 non mancano le arene di paintball, go-kart e laser tag per le classiche attivit\u00e0 di gruppo per l'addio al celibato. Un fine settimana non \u00e8 sufficiente per sperimentare tutto ci\u00f2 che Spalato ha in serbo.<\/p>\n\n\n\n<h2 class=\"wp-block-heading\">Volete prenotare un addio al celibato a Spalato?<\/h2>\n\n\n\n<p>Organizzare un addio al celibato a Spalato pu\u00f2 sembrare un'impresa ardua, con cos\u00ec tante attivit\u00e0 e opzioni. Ma non preoccupatevi. Split Stag Do \u00e8 qui per aiutarvi a pianificare la migliore esperienza di addio al celibato in questa vibrante citt\u00e0!<\/p>\n\n\n\n<p>Il nostro team di esperti conosce tutti i posti migliori da visitare e i migliori&nbsp;<a href=\"https:\/\/splitstagdo.com\/it\/attivita\/\">attivit\u00e0 da fare a Spalato<\/a>per creare un itinerario personalizzato che si adatti agli interessi e alle preferenze del vostro gruppo.<\/p>\n\n\n\n<p>Da&nbsp;<strong>organizzare i trasporti e gli alloggi, prenotare le attivit\u00e0 e le prenotazioni dei club<\/strong>Ci prendiamo cura di tutti i dettagli in modo che possiate rilassarvi e godervi il vostro tempo a Spalato. Con Split Stag Do, potete essere certi che il vostro addio al celibato a Spalato sar\u00e0 un'esperienza indimenticabile.<\/p>\n\n\n\n<p>Lasciate che ci occupiamo noi della pianificazione, in modo che possiate concentrarvi sul divertimento con i vostri amici e sulla creazione di ricordi degli ultimi giorni di libert\u00e0 dell'addio al celibato. Compilate il nostro&nbsp;<a href=\"https:\/\/splitstagdo.com\/it\/inchiesta\/\">modulo di richiesta<\/a>e vi regaleremo un weekend indimenticabile a Spalato!<\/p>","protected":false},"excerpt":{"rendered":"<p>Spalato \u00e8 una citt\u00e0 che ha davvero tutto: bellezze naturali mozzafiato, ricca storia, cibo delizioso e una vivace vita notturna. Situata sulla costa dalmata, Spalato \u00e8 la seconda citt\u00e0 pi\u00f9 grande della Croazia, ma sicuramente una delle pi\u00f9 affascinanti. \u00c8 ricca di storia e cultura, con una miscela unica di influenze romane, bizantine e veneziane che rendono la citt\u00e0 ... <a href=\"https:\/\/splitstagdo.com\/it\/circa-la-divisione\/\">Continua<\/a><\/p>","protected":false},"author":37,"featured_media":505,"parent":0,"menu_order":0,"comment_status":"closed","ping_status":"closed","template":"","meta":{"_acf_changed":false,"footnotes":""},"class_list":["post-387","page","type-page","status-publish","has-post-thumbnail","hentry"],"acf":{"page_subheading":"Discover why Split's unique blend of history, exhilarating activities, and lively nightlife make it an ideal destination for an unforgettable stag do."},"_links":{"self":[{"href":"https:\/\/splitstagdo.com\/it\/wp-json\/wp\/v2\/pages\/387","targetHints":{"allow":["GET"]}}],"collection":[{"href":"https:\/\/splitstagdo.com\/it\/wp-json\/wp\/v2\/pages"}],"about":[{"href":"https:\/\/splitstagdo.com\/it\/wp-json\/wp\/v2\/types\/page"}],"author":[{"embeddable":true,"href":"https:\/\/splitstagdo.com\/it\/wp-json\/wp\/v2\/users\/37"}],"replies":[{"embeddable":true,"href":"https:\/\/splitstagdo.com\/it\/wp-json\/wp\/v2\/comments?post=387"}],"version-history":[{"count":2,"href":"https:\/\/splitstagdo.com\/it\/wp-json\/wp\/v2\/pages\/387\/revisions"}],"predecessor-version":[{"id":396,"href":"https:\/\/splitstagdo.com\/it\/wp-json\/wp\/v2\/pages\/387\/revisions\/396"}],"wp:featuredmedia":[{"embeddable":true,"href":"https:\/\/splitstagdo.com\/it\/wp-json\/wp\/v2\/media\/505"}],"wp:attachment":[{"href":"https:\/\/splitstagdo.com\/it\/wp-json\/wp\/v2\/media?parent=387"}],"curies":[{"name":"wp","href":"https:\/\/api.w.org\/{rel}","templated":true}]}}