{"id":39,"date":"2023-01-16T13:14:25","date_gmt":"2023-01-16T13:14:25","guid":{"rendered":"https:\/\/splitstagdo.com\/about-us\/"},"modified":"2026-02-20T12:53:11","modified_gmt":"2026-02-20T12:53:11","slug":"uber-uns","status":"publish","type":"page","link":"https:\/\/splitstagdo.com\/de\/uber-uns\/","title":{"rendered":"\u00dcber uns"},"content":{"rendered":"<p>Da unser&nbsp;<strong>Einf\u00fchrung im Jahr 2015<\/strong>Wir haben uns der Aufgabe verschrieben, unvergessliche Junggesellenabschiede f\u00fcr unsere Kunden zu organisieren und ihnen dabei zu helfen, Erinnerungen zu schaffen, die ein Leben lang halten. Split ist ein<strong>&nbsp;Stadt, die wirklich alles hat<\/strong>Das macht die Stadt zum idealen Ort f\u00fcr jede Junggesellengruppe, die die ultimative Kombination aus Abenteuer, Nachtleben und Entspannung sucht. Die schillernde Adriak\u00fcste ist der Schauplatz f\u00fcr unz\u00e4hlige unvergessliche Momente, w\u00e4hrend die pulsierende Atmosph\u00e4re der Stadt, die aufregenden Aktivit\u00e4ten und die k\u00f6stliche lokale K\u00fcche f\u00fcr gute Laune sorgen.<\/p>\n\n\n\n<h2 class=\"wp-block-heading\">Sind Sie bereit f\u00fcr eine sch\u00f6ne Zeit mit uns?<\/h2>\n\n\n\n<p>Wir haben uns als ein Unternehmen etabliert&nbsp;<strong>vertrauensw\u00fcrdige Junggesellenagentur<\/strong> in Split m\u00f6chten wir so vielen Menschen wie m\u00f6glich die Chance bieten, den Junggesellenabschied ihres Lebens in dieser bemerkenswerten Stadt zu erleben.<\/p>\n\n\n\n<p>Unser Team ist ein&nbsp;<strong>eine Gruppe von energiegeladenen, lebenslustigen Menschen<\/strong>&nbsp;die wissen, wie man eine Party schmei\u00dft und unvergessliche Erlebnisse schafft. Wir helfen unseren Kunden leidenschaftlich dabei, das Beste aus ihrem Junggesellenabschied herauszuholen, und wir gehen die extra Meile, um sicherzustellen, dass Sie Dinge ausprobieren, von denen Sie nicht einmal wussten, dass Sie sie wollten.<\/p>\n\n\n\n<p>Wir haben&nbsp;<strong>Wir stehen Ihnen bei jedem Schritt zur Seite<\/strong>Wir k\u00fcmmern uns um alles: Buchung von Unterk\u00fcnften, Organisation von Aktivit\u00e4ten, Organisation von Transfers und Betreuung rund um die Uhr. Unsere Aufgabe ist es, die gesamte Logistik zu \u00fcbernehmen, damit Sie sich darauf konzentrieren k\u00f6nnen, die Zeit Ihres Lebens mit Ihren Freunden zu verbringen.<\/p>\n\n\n\n<h2 class=\"wp-block-heading\">Lasst uns die Party beginnen!&nbsp;<\/h2>\n\n\n\n<p>Sind Sie bereit, sich in das Abenteuer Ihres Lebens zu st\u00fcrzen? Es ist an der Zeit, die Arbeitsschuhe gegen die Party-Stiefel zu tauschen und sich in der wundersch\u00f6nen Stadt Split auszutoben. Mit unserem Fachwissen werden wir das perfekte Junggesellenabschieds-Erlebnis nach Ihren wildesten Tr\u00e4umen gestalten.<\/p>\n\n\n\n<p>Z\u00f6gern Sie nicht und gehen Sie zu&nbsp;<a href=\"https:\/\/splitstagdo.com\/de\/\">Split Junggesellenabschied<\/a>&nbsp;und&nbsp;<a href=\"https:\/\/splitstagdo.com\/de\/anfrage\/\">Erkundigen Sie sich bei<\/a>&nbsp;\u00fcber die Aktivit\u00e4ten, Unterk\u00fcnfte und alles andere, was wir f\u00fcr Sie arrangieren k\u00f6nnen. Denken Sie daran: Was in Split passiert, bleibt in Split, also lassen Sie Ihr Haar herunter und machen Sie sich bereit f\u00fcr ein Wochenende, das Sie nie vergessen werden!<\/p>","protected":false},"excerpt":{"rendered":"<p>Seit unserer Gr\u00fcndung im Jahr 2015 haben wir uns der Aufgabe verschrieben, unvergessliche Junggesellenabschiede f\u00fcr unsere Kunden zu organisieren und ihnen dabei zu helfen, Erinnerungen zu schaffen, die ein Leben lang halten. Split ist eine Stadt, die wirklich alles zu bieten hat und somit der ideale Ort f\u00fcr jede Junggesellengruppe ist, die die ultimative Kombination aus Abenteuer, Nachtleben und Entspannung sucht. Die schillernde Adriak\u00fcste setzt ... <a href=\"https:\/\/splitstagdo.com\/de\/uber-uns\/\">Fortsetzung<\/a><\/p>","protected":false},"author":37,"featured_media":503,"parent":0,"menu_order":0,"comment_status":"open","ping_status":"open","template":"","meta":{"_acf_changed":false,"footnotes":""},"class_list":["post-39","page","type-page","status-publish","has-post-thumbnail","hentry"],"acf":{"page_subheading":"Meet our passionate team, dedicated to creating unforgettable Split stag dos for the ultimate celebration with your mates on the Dalmatian shore."},"_links":{"self":[{"href":"https:\/\/splitstagdo.com\/de\/wp-json\/wp\/v2\/pages\/39","targetHints":{"allow":["GET"]}}],"collection":[{"href":"https:\/\/splitstagdo.com\/de\/wp-json\/wp\/v2\/pages"}],"about":[{"href":"https:\/\/splitstagdo.com\/de\/wp-json\/wp\/v2\/types\/page"}],"author":[{"embeddable":true,"href":"https:\/\/splitstagdo.com\/de\/wp-json\/wp\/v2\/users\/37"}],"replies":[{"embeddable":true,"href":"https:\/\/splitstagdo.com\/de\/wp-json\/wp\/v2\/comments?post=39"}],"version-history":[{"count":14,"href":"https:\/\/splitstagdo.com\/de\/wp-json\/wp\/v2\/pages\/39\/revisions"}],"predecessor-version":[{"id":8238,"href":"https:\/\/splitstagdo.com\/de\/wp-json\/wp\/v2\/pages\/39\/revisions\/8238"}],"wp:featuredmedia":[{"embeddable":true,"href":"https:\/\/splitstagdo.com\/de\/wp-json\/wp\/v2\/media\/503"}],"wp:attachment":[{"href":"https:\/\/splitstagdo.com\/de\/wp-json\/wp\/v2\/media?parent=39"}],"curies":[{"name":"wp","href":"https:\/\/api.w.org\/{rel}","templated":true}]}}