{"id":388,"date":"2023-05-08T08:44:03","date_gmt":"2023-05-08T08:44:03","guid":{"rendered":"https:\/\/splitstagdo.com\/?page_id=388"},"modified":"2023-05-08T12:57:35","modified_gmt":"2023-05-08T12:57:35","slug":"wie-man-zu-split-kommt","status":"publish","type":"page","link":"https:\/\/splitstagdo.com\/de\/wie-man-zu-split-kommt\/","title":{"rendered":"Wie man nach Split kommt"},"content":{"rendered":"<p>Split ist bekannt f\u00fcr seine reiche Geschichte, seine atemberaubenden Landschaften und sein pulsierendes Nachtleben und damit ein ideales Ziel f\u00fcr einen Junggesellenabschied. Wenn Sie sich fragen, wie Sie in diese Stadt kommen&nbsp;<strong>Juwel an der Adria<\/strong>dann haben wir f\u00fcr Sie das Richtige. Hier sind einige der h\u00e4ufigsten Transportm\u00f6glichkeiten, um Split zu erreichen.<\/p>\n\n\n\n<h2 class=\"wp-block-heading\">Mit dem Flugzeug<\/h2>\n\n\n\n<p>Fliegen ist die bequemste Art, nach Split zu gelangen. Die Stadt wird angeflogen von&nbsp;<strong>Flughafen Split (SPU)<\/strong>Der Flughafen liegt etwa 25 km westlich des Stadtzentrums. Mehrere Fluggesellschaften bieten regelm\u00e4\u00dfige Fl\u00fcge nach Split von verschiedenen europ\u00e4ischen St\u00e4dten an, darunter London, Amsterdam, Paris und Rom. In den Hochsommermonaten gibt es sogar noch mehr Direktfl\u00fcge und Charteroptionen, die es einfacher denn je machen, dieses unglaubliche Ziel zu erreichen.<\/p>\n\n\n\n<h2 class=\"wp-block-heading\">Mit dem Bus<\/h2>\n\n\n\n<p>Wenn Sie lieber mit dem Bus reisen, haben Sie Gl\u00fcck. Split ist gut mit anderen gr\u00f6\u00dferen St\u00e4dten in Kroatien und den Nachbarl\u00e4ndern durch ein&nbsp;<strong>umfangreiches Busnetz<\/strong>. Der Hauptbusbahnhof befindet sich direkt am Hafen und ist somit leicht zu finden und zu erreichen. Busse sind eine kosteng\u00fcnstige und bequeme Art zu reisen, und es gibt t\u00e4glich mehrere Verbindungen zu St\u00e4dten wie Zagreb, Dubrovnik und Zadar.<\/p>\n\n\n\n<h2 class=\"wp-block-heading\">Mit dem Zug<\/h2>\n\n\n\n<p>Das kroatische Zugnetz ist zwar nicht so umfangreich wie das Busnetz, aber es gibt dennoch Zugverbindungen nach Split. Der Hauptbahnhof liegt in der N\u00e4he des Hafens, genau wie der Busbahnhof. Von Zagreb aus dauert die Fahrt etwa 6-8 Stunden und bietet eine malerische Fahrt durch die Landschaft. Verstehen Sie das&nbsp;<strong>Z\u00fcge sind vielleicht nicht die schnellste Option<\/strong>aber sie bieten ein einzigartiges Reiseerlebnis.<\/p>\n\n\n\n<h2 class=\"wp-block-heading\">Mit dem Auto<\/h2>\n\n\n\n<p>Ein Mietwagen ist eine weitere M\u00f6glichkeit, Split zu erreichen, und bietet die Flexibilit\u00e4t, die Umgebung in Ihrem eigenen Tempo zu erkunden. Kroatien verf\u00fcgt \u00fcber ein gut ausgebautes Stra\u00dfennetz, darunter&nbsp;<strong>Autobahnen und K\u00fcstenstra\u00dfen<\/strong>. Split ist etwa 410 km von Zagreb und 240 km von Dubrovnik entfernt, wobei die beiden St\u00e4dte durch wundersch\u00f6ne Landschaften getrennt sind. Denken Sie daran, dass Sie einen g\u00fcltigen F\u00fchrerschein und in einigen F\u00e4llen eine internationale Fahrerlaubnis ben\u00f6tigen.<\/p>\n\n\n\n<h3 class=\"wp-block-heading\">Buchen Sie Ihren Junggesellenabschied in Split!<\/h3>\n\n\n\n<p>Sind Sie bereit, Ihren unvergesslichen Junggesellenabschied in Split zu planen? Besuchen Sie&nbsp;<a href=\"https:\/\/splitstagdo.com\/de\/\">Split Junggesellenabschied<\/a>&nbsp;und f\u00fcllen Sie unser&nbsp;<a href=\"https:\/\/splitstagdo.com\/de\/anfrage\/\">Anfrageformular<\/a>&nbsp;um ein ma\u00dfgeschneidertes Erlebnis zu schaffen, das Sie und Ihre Freunde nie vergessen werden.<\/p>","protected":false},"excerpt":{"rendered":"<p>Split ist bekannt f\u00fcr seine reiche Geschichte, seine atemberaubenden Landschaften und sein pulsierendes Nachtleben und damit ein ideales Ziel f\u00fcr einen Junggesellenabschied. Wenn Sie sich fragen, wie Sie zu diesem Juwel an der Adria kommen, haben wir f\u00fcr Sie eine L\u00f6sung. Hier sind einige der g\u00e4ngigsten Transportm\u00f6glichkeiten, um Split zu erreichen. Mit dem Flugzeug Fliegen ist die bequemste Art ... <a href=\"https:\/\/splitstagdo.com\/de\/wie-man-zu-split-kommt\/\">Fortsetzung<\/a><\/p>","protected":false},"author":37,"featured_media":509,"parent":0,"menu_order":0,"comment_status":"closed","ping_status":"closed","template":"","meta":{"_acf_changed":false,"footnotes":""},"class_list":["post-388","page","type-page","status-publish","has-post-thumbnail","hentry"],"acf":{"page_subheading":"Explore transportation options to the heart of Dalmatia for a memorable stag do, from flights and buses to trains and cars \u2014 start your journey today!"},"_links":{"self":[{"href":"https:\/\/splitstagdo.com\/de\/wp-json\/wp\/v2\/pages\/388","targetHints":{"allow":["GET"]}}],"collection":[{"href":"https:\/\/splitstagdo.com\/de\/wp-json\/wp\/v2\/pages"}],"about":[{"href":"https:\/\/splitstagdo.com\/de\/wp-json\/wp\/v2\/types\/page"}],"author":[{"embeddable":true,"href":"https:\/\/splitstagdo.com\/de\/wp-json\/wp\/v2\/users\/37"}],"replies":[{"embeddable":true,"href":"https:\/\/splitstagdo.com\/de\/wp-json\/wp\/v2\/comments?post=388"}],"version-history":[{"count":2,"href":"https:\/\/splitstagdo.com\/de\/wp-json\/wp\/v2\/pages\/388\/revisions"}],"predecessor-version":[{"id":399,"href":"https:\/\/splitstagdo.com\/de\/wp-json\/wp\/v2\/pages\/388\/revisions\/399"}],"wp:featuredmedia":[{"embeddable":true,"href":"https:\/\/splitstagdo.com\/de\/wp-json\/wp\/v2\/media\/509"}],"wp:attachment":[{"href":"https:\/\/splitstagdo.com\/de\/wp-json\/wp\/v2\/media?parent=388"}],"curies":[{"name":"wp","href":"https:\/\/api.w.org\/{rel}","templated":true}]}}