{"id":387,"date":"2023-05-08T08:42:25","date_gmt":"2023-05-08T08:42:25","guid":{"rendered":"https:\/\/splitstagdo.com\/?page_id=387"},"modified":"2023-05-08T12:57:23","modified_gmt":"2023-05-08T12:57:23","slug":"uber-split","status":"publish","type":"page","link":"https:\/\/splitstagdo.com\/de\/uber-split\/","title":{"rendered":"\u00dcber Split"},"content":{"rendered":"<p>Split ist eine Stadt, die wirklich alles zu bieten hat - atemberaubende Natur, reiche Geschichte, k\u00f6stliches Essen und ein pulsierendes Nachtleben. Die Stadt liegt an der&nbsp;<strong>dalmatinische K\u00fcste<\/strong>Split ist die zweitgr\u00f6\u00dfte Stadt Kroatiens - aber definitiv eine der faszinierendsten. Sie ist durchdrungen von Geschichte und Kultur, mit einer einzigartigen Mischung aus&nbsp;<strong>R\u00f6mische, byzantinische und venezianische Einfl\u00fcsse<\/strong>&nbsp;die es wirklich besonders machen.<\/p>\n\n\n\n<p>Eines der bekanntesten Wahrzeichen von Split ist die<strong>&nbsp;Diokletianspalast<\/strong>ein kolossaler antiker r\u00f6mischer Komplex, der einst als Residenz von Kaiser Diokletian diente. Heute ist der Palast das Herz der Stadt und beherbergt innerhalb seiner historischen Mauern zahlreiche Caf\u00e9s, Restaurants und Gesch\u00e4fte. Verpassen Sie nicht das atemberaubende&nbsp;<strong>Riva-Promenade<\/strong>wo Sie bei einem Getr\u00e4nk den herrlichen Blick auf die Adria genie\u00dfen k\u00f6nnen.<\/p>\n\n\n\n<p>Dar\u00fcber hinaus strahlt die Stadt eine lebendige und energiegeladene Atmosph\u00e4re aus, der man sich nur schwer entziehen kann. Mit ihren belebten Stra\u00dfen, lebhaften M\u00e4rkten und einem nicht enden wollenden Strom von Menschen schl\u00e4ft die Stadt nie.<\/p>\n\n\n\n<p>Ob Sie nun durch die engen, gepflasterten Gassen der Stadt schlendern&nbsp;<strong>Alte Stadt<\/strong>einen Kaffee in einem der \u00f6rtlichen Caf\u00e9s oder bewundern Sie die atemberaubende&nbsp;<strong>Marjan Hill<\/strong>werden Sie von der einzigartigen Atmosph\u00e4re in Split in den Bann gezogen.<\/p>\n\n\n\n<p>Und wenn die Sonne untergeht, erwacht die Stadt mit ihrem aufregenden Nachtleben zum Leben und bietet eine endlose Reihe von Bars, Clubs und Musiklokalen, die jeden Geschmack bedienen.<\/p>\n\n\n\n<h2 class=\"wp-block-heading\">Nachtleben in Split<\/h2>\n\n\n\n<p>Wir k\u00f6nnen garantieren, dass das Nachtleben von Split&nbsp;<strong>geradezu legend\u00e4r<\/strong>. Ob Bars, Clubs oder Live-Musik-Locations - die Stadt hat f\u00fcr jeden etwas zu bieten. Eine der beliebtesten Gegenden f\u00fcr das Nachtleben ist das&nbsp;<strong>Bacvice-Viertel<\/strong>Hier finden Sie eine F\u00fclle von Strandbars und Clubs, die bis in die fr\u00fchen Morgenstunden ge\u00f6ffnet sind.<\/p>\n\n\n\n<p>F\u00fcr einen wirklich unvergesslichen Abend gibt es&nbsp;<strong>zahlreiche Vereine<\/strong>&nbsp;mit Weltklasse-DJs, gef\u00fcllt mit jungen, partyhungrigen Menschen. Und die gute Stimmung ist ungebrochen, ohne Pause.<\/p>\n\n\n\n<p>Und wenn jemand auf der Suche nach etwas Unauff\u00e4lligerem ist, sollte er zum&nbsp;<strong>Gebiet Radunica<\/strong>ein charmantes Viertel mit einer entspannten Atmosph\u00e4re. Hier finden Sie gem\u00fctliche Bars und Restaurants, die sich perfekt f\u00fcr einen entspannten Abend mit Ihren Freunden eignen.<\/p>\n\n\n\n<p>Nat\u00fcrlich gibt es in Split viel mehr zu tun als nur zu feiern. Der Spa\u00df h\u00f6rt nicht auf, wenn die Sonne aufgeht - er \u00e4ndert nur seine Form.<\/p>\n\n\n\n<h2 class=\"wp-block-heading\">Split - ein Paradies am Meer<\/h2>\n\n\n\n<p>Das warme&nbsp;<strong>Mediterranes Klima<\/strong>&nbsp;ist ideal f\u00fcr Strandaktivit\u00e4ten wie Paddleboarding, Kajakfahren und Jetski. F\u00fcr Weinliebhaber gibt es in Split mehrere Weinbars und Weinkellereien, die Verkostungen der lokalen Sorten anbieten.<\/p>\n\n\n\n<p>Sportbegeisterte werden die M\u00f6glichkeit lieben, ein Fu\u00dfballspiel im&nbsp;<strong>Poljud-Stadion<\/strong>Das Stadion ist die Heimat der Fu\u00dfballmannschaft von Hajduk Split. Diejenigen, die nicht das Gl\u00fcck haben, ein Spiel zu sehen, k\u00f6nnen jederzeit eine Stadiontour machen, um zu sehen, wie gro\u00dfartig die Anlage ist.<\/p>\n\n\n\n<p>Und es gibt keinen Mangel an Paintball-, Go-Kart- und Laser-Tag-Arenen in der Stadt f\u00fcr klassische Junggesellenabschiede. Ein Wochenende ist nicht ann\u00e4hernd genug, um alles zu erleben, was Split zu bieten hat.<\/p>\n\n\n\n<h2 class=\"wp-block-heading\">M\u00f6chten Sie einen Junggesellenabschied in Split buchen?<\/h2>\n\n\n\n<p>Die Planung eines Junggesellenabschieds in Split kann \u00fcberw\u00e4ltigend erscheinen, da es so viele Aktivit\u00e4ten und M\u00f6glichkeiten gibt. Aber keine Sorge. Split Stag Do ist hier, um Ihnen bei der Planung des ultimativen Junggesellenabschieds in dieser pulsierenden Stadt zu helfen!<\/p>\n\n\n\n<p>Unser erfahrenes Team kennt die besten Ausflugsziele und die besten&nbsp;<a href=\"https:\/\/splitstagdo.com\/de\/aktivitaten\/\">Aktivit\u00e4ten in Split<\/a>So k\u00f6nnen Sie ganz einfach eine individuelle Reiseroute zusammenstellen, die den Interessen und Vorlieben Ihrer Gruppe entspricht.<\/p>\n\n\n\n<p>Von&nbsp;<strong>Organisation von Transport und Unterbringung bis hin zur Buchung von Aktivit\u00e4ten und Clubreservierungen<\/strong>Wir k\u00fcmmern uns um alle Details, damit Sie sich entspannen und Ihre Zeit in Split genie\u00dfen k\u00f6nnen. Mit Split Stag Do k\u00f6nnen Sie darauf vertrauen, dass Ihr Junggesellenabschied in Split ein unvergessliches Erlebnis sein wird.<\/p>\n\n\n\n<p>\u00dcberlassen Sie uns die Planung, damit Sie sich darauf konzentrieren k\u00f6nnen, die Zeit mit Ihren Freunden zu genie\u00dfen und Erinnerungen an die letzten Tage der Freiheit des Junggesellen zu schaffen. F\u00fcllen Sie unser&nbsp;<a href=\"https:\/\/splitstagdo.com\/de\/anfrage\/\">Anfrageformular<\/a>und wir werden Ihnen ein unvergessliches Wochenende in Split bereiten!<\/p>","protected":false},"excerpt":{"rendered":"<p>Split ist eine Stadt, die wirklich alles zu bieten hat - atemberaubende Natur, reiche Geschichte, k\u00f6stliches Essen und ein pulsierendes Nachtleben. An der dalmatinischen K\u00fcste gelegen, ist Split die zweitgr\u00f6\u00dfte Stadt Kroatiens - aber definitiv eine der faszinierendsten. Sie ist durchdrungen von Geschichte und Kultur, mit einer einzigartigen Mischung aus r\u00f6mischen, byzantinischen und venezianischen Einfl\u00fcssen, die sie ... <a href=\"https:\/\/splitstagdo.com\/de\/uber-split\/\">Fortsetzung<\/a><\/p>","protected":false},"author":37,"featured_media":505,"parent":0,"menu_order":0,"comment_status":"closed","ping_status":"closed","template":"","meta":{"_acf_changed":false,"footnotes":""},"class_list":["post-387","page","type-page","status-publish","has-post-thumbnail","hentry"],"acf":{"page_subheading":"Discover why Split's unique blend of history, exhilarating activities, and lively nightlife make it an ideal destination for an unforgettable stag do."},"_links":{"self":[{"href":"https:\/\/splitstagdo.com\/de\/wp-json\/wp\/v2\/pages\/387","targetHints":{"allow":["GET"]}}],"collection":[{"href":"https:\/\/splitstagdo.com\/de\/wp-json\/wp\/v2\/pages"}],"about":[{"href":"https:\/\/splitstagdo.com\/de\/wp-json\/wp\/v2\/types\/page"}],"author":[{"embeddable":true,"href":"https:\/\/splitstagdo.com\/de\/wp-json\/wp\/v2\/users\/37"}],"replies":[{"embeddable":true,"href":"https:\/\/splitstagdo.com\/de\/wp-json\/wp\/v2\/comments?post=387"}],"version-history":[{"count":2,"href":"https:\/\/splitstagdo.com\/de\/wp-json\/wp\/v2\/pages\/387\/revisions"}],"predecessor-version":[{"id":396,"href":"https:\/\/splitstagdo.com\/de\/wp-json\/wp\/v2\/pages\/387\/revisions\/396"}],"wp:featuredmedia":[{"embeddable":true,"href":"https:\/\/splitstagdo.com\/de\/wp-json\/wp\/v2\/media\/505"}],"wp:attachment":[{"href":"https:\/\/splitstagdo.com\/de\/wp-json\/wp\/v2\/media?parent=387"}],"curies":[{"name":"wp","href":"https:\/\/api.w.org\/{rel}","templated":true}]}}